{"id":6893,"date":"2021-08-12T15:51:50","date_gmt":"2021-08-12T13:51:50","guid":{"rendered":"https:\/\/assembleadhmt.org\/?page_id=6893"},"modified":"2022-07-01T10:21:14","modified_gmt":"2022-07-01T08:21:14","slug":"que-es","status":"publish","type":"page","link":"https:\/\/assembleadhmt.org\/ca\/organitzacio\/que-es\/","title":{"rendered":"Qu\u00e8 \u00e9s l&#8217;Assemblea"},"content":{"rendered":"<p>[vc_row full_width=&#8221;stretch_row&#8221; el_id=&#8221;headerBackgroundCover&#8221;][vc_column][red_heading text=&#8221;%5B%7B%22text_part%22%3A%22Qu%C3%A8%20%C3%A9s%20l&#8217;Assemblea%20de%20Drets%20Humans%20Montserrat%20Trueta%22%2C%22text_part_style%22%3A%22style5%22%7D%5D&#8221; add_image=&#8221;&#8221; add_icon=&#8221;&#8221; st_text=&#8221;%5B%7B%22sttext_part_style%22%3A%22style1%22%7D%5D&#8221;][\/vc_column][\/vc_row][vc_row css=&#8221;.vc_custom_1629096961724{padding-top: 76px !important;}&#8221;][vc_column][vc_column_text]<\/p>\n<h1>Qu\u00e8 \u00e9s l&#8217;Assemblea de Drets Humans Montserrat Trueta<\/h1>\n<h3><\/h3>\n<h3>Som un equip<br \/>\nde persones amb i sense<br \/>\nsituaci\u00f3 de discapacitat intel\u00b7lectual.<\/h3>\n<h3>Ens dediquem a reivindicar els drets humans,<br \/>\ni especialment la <span style=\"color: #cd0b30;\"><a style=\"color: #cd0b30;\" href=\"https:\/\/assembleadhmt.org\/wp-content\/uploads\/2022\/05\/convencio_onu_lf.pdf\" target=\"_blank\" rel=\"noopener\"><strong>Convenci\u00f3 de Nacions Unides<\/strong><\/a><\/span><br \/>\n<span style=\"color: #cd0b30;\"><a style=\"color: #cd0b30;\" href=\"https:\/\/assembleadhmt.org\/wp-content\/uploads\/2022\/05\/convencio_onu_lf.pdf\" target=\"_blank\" rel=\"noopener\"><strong>sobre els Drets de les Persones amb <span style=\"color: #cd0b30;\">Discapacitat<\/span><\/strong><\/a>.<\/span><\/h3>\n<h3>Ens reunim setmanalment per organitzar-nos,<br \/>\ni decidir conjuntament el que fem.<\/h3>\n<h3>Pots trobar tot el que fem al apartat <strong><a href=\"https:\/\/assembleadhmt.org\/que-fem\/\"><span style=\"color: #cd0b30;\">Qu\u00e8 fem<\/span><\/a><\/strong>.<\/h3>\n<p>&nbsp;<\/p>\n<p>[\/vc_column_text][\/vc_column][\/vc_row][vc_row full_width=&#8221;stretch_row&#8221; css=&#8221;.vc_custom_1628777777845{padding-top: 40px !important;padding-bottom: 40px !important;background-color: #fae7ea !important;}&#8221;][vc_column][vc_column_text]<\/p>\n<h1>Objectiu<\/h1>\n<p>[\/vc_column_text][vc_empty_space height=&#8221;20px&#8221;][vc_column_text]<\/p>\n<h3>El nostre objectiu \u201c\u00e9s fer un m\u00f3n m\u00e9s just\u201d.<br \/>\nVa ser definit pels nostres membres fundadors<br \/>\nal <span style=\"color: #cd0b30;\"><a style=\"color: #cd0b30;\" href=\"https:\/\/assembleadhmt.org\/wp-content\/uploads\/2022\/04\/2015-2016_Documents-Constitucio-Assemblea.pdf\" target=\"_blank\" rel=\"noopener\"><strong>Document de Constituci\u00f3 de l\u2019Assemblea<\/strong><\/a><\/span>.<\/h3>\n<p>[\/vc_column_text][vc_empty_space height=&#8221;20px&#8221;][\/vc_column][\/vc_row][vc_row css=&#8221;.vc_custom_1628778994491{padding-top: 60px !important;padding-bottom: 60px !important;}&#8221;][vc_column][vc_column_text]<\/p>\n<h1>Hist\u00f2ria<\/h1>\n<p>[\/vc_column_text][vc_empty_space height=&#8221;40px&#8221;][vc_column_text el_id=&#8221;pointList&#8221;]<\/p>\n<h3>Al 2011 es va iniciar el grup<br \/>\nd\u2019autogestors de la fundaci\u00f3.<\/h3>\n<h3>Al 2013 el grup es va disoldre<br \/>\ni els membres es van apuntar<br \/>\nal nou curs de drets humans.<\/h3>\n<h3>L\u2019Assemblea es va crear l\u2019any 2015<br \/>\nper voluntat dels mateixos alumnes<br \/>\ndel curs de drets humans.<\/h3>\n<h3>Es va crear perqu\u00e8 no se\u2019ns discrimini<br \/>\ni per incidir en la defensa dels nostres drets.<\/h3>\n<p>[\/vc_column_text][vc_row_inner css=&#8221;.vc_custom_1629096936593{padding-top: 40px !important;}&#8221;][vc_column_inner width=&#8221;1\/2&#8243;][vc_single_image image=&#8221;7202&#8243; img_size=&#8221;full&#8221; alignment=&#8221;center&#8221;][\/vc_column_inner][\/vc_row_inner][\/vc_column][\/vc_row][vc_row content_placement=&#8221;middle&#8221; css=&#8221;.vc_custom_1656611332372{padding-bottom: 60px !important;background-color: #fae7ea !important;}&#8221;][vc_column width=&#8221;1\/2&#8243;][vc_column_text]<\/p>\n<h1>Montserrat Trueta<\/h1>\n<p>[\/vc_column_text][vc_empty_space height=&#8221;40px&#8221;][vc_column_text]<\/p>\n<h3>Originalment es deia Assemblea de Drets Humans de la Fundaci\u00f3 Catalana S\u00edndrome de Down.<\/h3>\n<h3>El nom el van escollir els alumnes dels cursos de drets humans quan van crear l\u2019Assemblea.<\/h3>\n<h3>Al 2018 vam canviar el nom a Assemblea de Drets Humans Montserrat Trueta.<\/h3>\n<h3>Per resumir diem nom\u00e9s les incials: ADHMT.<\/h3>\n<h3>Vam ficar aquest nom en homenatge a Montserrat Trueta que era una gran defensora dels drets humans i va ser la persona que va fundar la nostra fundaci\u00f3.<\/h3>\n<p>[\/vc_column_text][vc_empty_space height=&#8221;20px&#8221;][\/vc_column][vc_column width=&#8221;1\/2&#8243;][vc_single_image image=&#8221;2818&#8243; img_size=&#8221;medium&#8221; alignment=&#8221;center&#8221; style=&#8221;vc_box_circle_2&#8243;][\/vc_column][\/vc_row][vc_row css=&#8221;.vc_custom_1628776637071{padding-top: 40px !important;}&#8221;][vc_column][vc_video link=&#8221;<a href=\"https:\/\/youtu.be\/Ao_9zDvK5Nk&#8221;%5D%5B\/vc_column%5D%5B\/vc_row%5D%5Bvc_row%5D%5Bvc_column%5D%5B\/vc_column%5D%5B\/vc_row%5D\" rel=\"nofollow\">https:\/\/youtu.be\/Ao_9zDvK5Nk&#8221;%5D%5B\/vc_column%5D%5B\/vc_row%5D%5Bvc_row%5D%5Bvc_column%5D%5B\/vc_column%5D%5B\/vc_row%5D<\/a><\/p>\n","protected":false},"excerpt":{"rendered":"<p>[vc_row full_width=&#8221;stretch_row&#8221; el_id=&#8221;headerBackgroundCover&#8221;][vc_column][red_heading text=&#8221;%5B%7B%22text_part%22%3A%22Qu%C3%A8%20%C3%A9s%20l&#8217;Assemblea%20de%20Drets%20Humans%20Montserrat%20Trueta%22%2C%22text_part_style%22%3A%22style5%22%7D%5D&#8221; add_image=&#8221;&#8221; add_icon=&#8221;&#8221; st_text=&#8221;%5B%7B%22sttext_part_style%22%3A%22style1%22%7D%5D&#8221;][\/vc_column][\/vc_row][vc_row css=&#8221;.vc_custom_1629096961724{padding-top: 76px !important;}&#8221;][vc_column][vc_column_text] Qu\u00e8 \u00e9s l&#8217;Assemblea de Drets Humans Montserrat Trueta Som un equip de persones amb i sense situaci\u00f3 de discapacitat intel\u00b7lectual.<\/p>\n","protected":false},"author":200649003,"featured_media":0,"parent":0,"menu_order":0,"comment_status":"closed","ping_status":"closed","template":"","meta":{"_coblocks_attr":"","_coblocks_dimensions":"","_coblocks_responsive_height":"","_coblocks_accordion_ie_support":"","_crdt_document":"","_monsterinsights_skip_tracking":false,"_monsterinsights_sitenote_active":false,"_monsterinsights_sitenote_note":"","_monsterinsights_sitenote_category":0,"jetpack_post_was_ever_published":false,"footnotes":""},"class_list":["post-6893","page","type-page","status-publish","hentry"],"yoast_head":"<!-- This site is optimized with the Yoast SEO plugin v27.3 - https:\/\/yoast.com\/product\/yoast-seo-wordpress\/ -->\n<title>Qu\u00e8 \u00e9s l&#039;Assemblea - Assemblea DHMT<\/title>\n<meta name=\"robots\" content=\"index, follow, max-snippet:-1, max-image-preview:large, max-video-preview:-1\" \/>\n<link rel=\"canonical\" href=\"https:\/\/assembleadhmt.org\/ca\/organitzacio\/que-es\/\" \/>\n<meta property=\"og:locale\" content=\"ca_ES\" \/>\n<meta property=\"og:type\" content=\"article\" \/>\n<meta property=\"og:title\" content=\"Qu\u00e8 \u00e9s l&#039;Assemblea - Assemblea DHMT\" \/>\n<meta property=\"og:description\" content=\"[vc_row full_width=&#8221;stretch_row&#8221; el_id=&#8221;headerBackgroundCover&#8221;][vc_column][red_heading text=&#8221;%5B%7B%22text_part%22%3A%22Qu%C3%A8%20%C3%A9s%20l&#8217;Assemblea%20de%20Drets%20Humans%20Montserrat%20Trueta%22%2C%22text_part_style%22%3A%22style5%22%7D%5D&#8221; add_image=&#8221;&#8221; add_icon=&#8221;&#8221; st_text=&#8221;%5B%7B%22sttext_part_style%22%3A%22style1%22%7D%5D&#8221;][\/vc_column][\/vc_row][vc_row css=&#8221;.vc_custom_1629096961724{padding-top: 76px !important;}&#8221;][vc_column][vc_column_text] Qu\u00e8 \u00e9s l&#8217;Assemblea de Drets Humans Montserrat Trueta Som un equip de persones amb i sense situaci\u00f3 de discapacitat intel\u00b7lectual.\" \/>\n<meta property=\"og:url\" content=\"https:\/\/assembleadhmt.org\/ca\/organitzacio\/que-es\/\" \/>\n<meta property=\"og:site_name\" content=\"Assemblea DHMT\" \/>\n<meta property=\"article:modified_time\" content=\"2022-07-01T08:21:14+00:00\" \/>\n<meta name=\"twitter:card\" content=\"summary_large_image\" \/>\n<meta name=\"twitter:label1\" content=\"Temps estimat de lectura\" \/>\n\t<meta name=\"twitter:data1\" content=\"2 minuts\" \/>\n<script type=\"application\/ld+json\" class=\"yoast-schema-graph\">{\"@context\":\"https:\\\/\\\/schema.org\",\"@graph\":[{\"@type\":\"WebPage\",\"@id\":\"https:\\\/\\\/assembleadhmt.org\\\/ca\\\/organitzacio\\\/que-es\\\/\",\"url\":\"https:\\\/\\\/assembleadhmt.org\\\/ca\\\/organitzacio\\\/que-es\\\/\",\"name\":\"Qu\u00e8 \u00e9s l'Assemblea - Assemblea DHMT\",\"isPartOf\":{\"@id\":\"https:\\\/\\\/assembleadhmt.org\\\/ca\\\/#website\"},\"datePublished\":\"2021-08-12T13:51:50+00:00\",\"dateModified\":\"2022-07-01T08:21:14+00:00\",\"breadcrumb\":{\"@id\":\"https:\\\/\\\/assembleadhmt.org\\\/ca\\\/organitzacio\\\/que-es\\\/#breadcrumb\"},\"inLanguage\":\"ca\",\"potentialAction\":[{\"@type\":\"ReadAction\",\"target\":[\"https:\\\/\\\/assembleadhmt.org\\\/ca\\\/organitzacio\\\/que-es\\\/\"]}]},{\"@type\":\"BreadcrumbList\",\"@id\":\"https:\\\/\\\/assembleadhmt.org\\\/ca\\\/organitzacio\\\/que-es\\\/#breadcrumb\",\"itemListElement\":[{\"@type\":\"ListItem\",\"position\":1,\"name\":\"Portada\",\"item\":\"https:\\\/\\\/assembleadhmt.org\\\/ca\\\/\"},{\"@type\":\"ListItem\",\"position\":2,\"name\":\"Qu\u00e8 \u00e9s l&#8217;Assemblea\"}]},{\"@type\":\"WebSite\",\"@id\":\"https:\\\/\\\/assembleadhmt.org\\\/ca\\\/#website\",\"url\":\"https:\\\/\\\/assembleadhmt.org\\\/ca\\\/\",\"name\":\"Assemblea DHMT\",\"description\":\"Assemblea de Drets Humans Montserrat Trueta - FCSD\",\"potentialAction\":[{\"@type\":\"SearchAction\",\"target\":{\"@type\":\"EntryPoint\",\"urlTemplate\":\"https:\\\/\\\/assembleadhmt.org\\\/ca\\\/?s={search_term_string}\"},\"query-input\":{\"@type\":\"PropertyValueSpecification\",\"valueRequired\":true,\"valueName\":\"search_term_string\"}}],\"inLanguage\":\"ca\"}]}<\/script>\n<!-- \/ Yoast SEO plugin. -->","yoast_head_json":{"title":"Qu\u00e8 \u00e9s l'Assemblea - Assemblea DHMT","robots":{"index":"index","follow":"follow","max-snippet":"max-snippet:-1","max-image-preview":"max-image-preview:large","max-video-preview":"max-video-preview:-1"},"canonical":"https:\/\/assembleadhmt.org\/ca\/organitzacio\/que-es\/","og_locale":"ca_ES","og_type":"article","og_title":"Qu\u00e8 \u00e9s l'Assemblea - Assemblea DHMT","og_description":"[vc_row full_width=&#8221;stretch_row&#8221; el_id=&#8221;headerBackgroundCover&#8221;][vc_column][red_heading text=&#8221;%5B%7B%22text_part%22%3A%22Qu%C3%A8%20%C3%A9s%20l&#8217;Assemblea%20de%20Drets%20Humans%20Montserrat%20Trueta%22%2C%22text_part_style%22%3A%22style5%22%7D%5D&#8221; add_image=&#8221;&#8221; add_icon=&#8221;&#8221; st_text=&#8221;%5B%7B%22sttext_part_style%22%3A%22style1%22%7D%5D&#8221;][\/vc_column][\/vc_row][vc_row css=&#8221;.vc_custom_1629096961724{padding-top: 76px !important;}&#8221;][vc_column][vc_column_text] Qu\u00e8 \u00e9s l&#8217;Assemblea de Drets Humans Montserrat Trueta Som un equip de persones amb i sense situaci\u00f3 de discapacitat intel\u00b7lectual.","og_url":"https:\/\/assembleadhmt.org\/ca\/organitzacio\/que-es\/","og_site_name":"Assemblea DHMT","article_modified_time":"2022-07-01T08:21:14+00:00","twitter_card":"summary_large_image","twitter_misc":{"Temps estimat de lectura":"2 minuts"},"schema":{"@context":"https:\/\/schema.org","@graph":[{"@type":"WebPage","@id":"https:\/\/assembleadhmt.org\/ca\/organitzacio\/que-es\/","url":"https:\/\/assembleadhmt.org\/ca\/organitzacio\/que-es\/","name":"Qu\u00e8 \u00e9s l'Assemblea - Assemblea DHMT","isPartOf":{"@id":"https:\/\/assembleadhmt.org\/ca\/#website"},"datePublished":"2021-08-12T13:51:50+00:00","dateModified":"2022-07-01T08:21:14+00:00","breadcrumb":{"@id":"https:\/\/assembleadhmt.org\/ca\/organitzacio\/que-es\/#breadcrumb"},"inLanguage":"ca","potentialAction":[{"@type":"ReadAction","target":["https:\/\/assembleadhmt.org\/ca\/organitzacio\/que-es\/"]}]},{"@type":"BreadcrumbList","@id":"https:\/\/assembleadhmt.org\/ca\/organitzacio\/que-es\/#breadcrumb","itemListElement":[{"@type":"ListItem","position":1,"name":"Portada","item":"https:\/\/assembleadhmt.org\/ca\/"},{"@type":"ListItem","position":2,"name":"Qu\u00e8 \u00e9s l&#8217;Assemblea"}]},{"@type":"WebSite","@id":"https:\/\/assembleadhmt.org\/ca\/#website","url":"https:\/\/assembleadhmt.org\/ca\/","name":"Assemblea DHMT","description":"Assemblea de Drets Humans Montserrat Trueta - FCSD","potentialAction":[{"@type":"SearchAction","target":{"@type":"EntryPoint","urlTemplate":"https:\/\/assembleadhmt.org\/ca\/?s={search_term_string}"},"query-input":{"@type":"PropertyValueSpecification","valueRequired":true,"valueName":"search_term_string"}}],"inLanguage":"ca"}]}},"jetpack_likes_enabled":false,"jetpack_sharing_enabled":false,"jetpack_shortlink":"https:\/\/wp.me\/PdhV3P-1Nb","amp_enabled":true,"_links":{"self":[{"href":"https:\/\/assembleadhmt.org\/ca\/wp-json\/wp\/v2\/pages\/6893","targetHints":{"allow":["GET"]}}],"collection":[{"href":"https:\/\/assembleadhmt.org\/ca\/wp-json\/wp\/v2\/pages"}],"about":[{"href":"https:\/\/assembleadhmt.org\/ca\/wp-json\/wp\/v2\/types\/page"}],"author":[{"embeddable":true,"href":"https:\/\/assembleadhmt.org\/ca\/wp-json\/wp\/v2\/users\/200649003"}],"replies":[{"embeddable":true,"href":"https:\/\/assembleadhmt.org\/ca\/wp-json\/wp\/v2\/comments?post=6893"}],"version-history":[{"count":78,"href":"https:\/\/assembleadhmt.org\/ca\/wp-json\/wp\/v2\/pages\/6893\/revisions"}],"predecessor-version":[{"id":7429,"href":"https:\/\/assembleadhmt.org\/ca\/wp-json\/wp\/v2\/pages\/6893\/revisions\/7429"}],"wp:attachment":[{"href":"https:\/\/assembleadhmt.org\/ca\/wp-json\/wp\/v2\/media?parent=6893"}],"curies":[{"name":"wp","href":"https:\/\/api.w.org\/{rel}","templated":true}]}}